{"id":23,"date":"2026-02-08T15:44:28","date_gmt":"2026-02-08T15:44:28","guid":{"rendered":"https:\/\/sdf.4b.pt\/index.php\/our-story\/"},"modified":"2026-02-09T07:35:02","modified_gmt":"2026-02-09T07:35:02","slug":"sobre-nos","status":"publish","type":"page","link":"https:\/\/sdf.4b.pt\/index.php\/sobre-nos\/","title":{"rendered":"Sobre n\u00f3s"},"content":{"rendered":"<section class=\"bde-section-23-100 bde-section radial-bg__top\">\n              \n  \n  \n\t\n\n\n\n<div class=\"section-container\"><h1 class=\"bde-heading-23-101 bde-heading\">\nComo tudo come\u00e7ou..\n<\/h1><div class=\"bde-text-23-102 bde-text\">\nO neg\u00f3cio e a ideia est\u00e3o quase a completar vinte anos de exist\u00eancia, mas h\u00e1 oito que a pizzaria O Sonho das Fontes ganhou uma nova vida: mais din\u00e2mica e ainda mais variada. Ao todo s\u00e3o cerca de d\u00fazia e meia as variedades daquela que \u00e9 realmente a rainha daquele restaurante situado na Avenida das Laranjeiras, pr\u00f3ximo do quartel dos bombeiros anadienses.<br><br>Inicialmente fabric\u00e1mos unicamente pizzas, p\u00e3o de alho e lasanha. A partir de 2010 diversific\u00e1mos a nossa oferta, atendendo a gostos e clientela diversa. Actualmente pode deliciar-se com as lasanhas, os imponentes hamb\u00fargueres, as apetitosas massas, os pepitos, pregos, cachorros, saladas e sopas, e para iniciar a sua refei\u00e7\u00e3o n\u00e3o esque\u00e7a o p\u00e3o de alho com ou sem queijo.<br><br>Actualmente possuimos um leque de produtos variados e apostamos continuamente na inova\u00e7\u00e3o e diversifica\u00e7\u00e3o da nossa oferta e mantemos o nosso compromisso de satisfa\u00e7\u00e3o constante dos nossos clientes.\u00a0\n<\/div><\/div>\n<\/section><section class=\"bde-section-23-105 bde-section\">\n              \n  \n  \n\t\n\n\n\n<div class=\"section-container\"><div class=\"bde-image-23-103 bde-image\">\n<figure class=\"breakdance-image breakdance-image--50\">\n\t<div class=\"breakdance-image-container\">\n\t\t<div class=\"breakdance-image-clip\"><a class=\"breakdance-image-link breakdance-image-link--lightbox\" href=\"https:\/\/sdf.4b.pt\/wp-content\/uploads\/2026\/02\/12525.jpg\" target=\"_self\" rel=\"noopener\" data-sub-html=\"\" data-lg-size=\"1500-1000\"><img loading=\"lazy\" decoding=\"async\" class=\"breakdance-image-object\" src=\"https:\/\/sdf.4b.pt\/wp-content\/uploads\/2026\/02\/12525.jpg\" width=\"1500\" height=\"1000\" srcset=\"https:\/\/sdf.4b.pt\/wp-content\/uploads\/2026\/02\/12525.jpg 1500w, https:\/\/sdf.4b.pt\/wp-content\/uploads\/2026\/02\/12525-300x200.jpg 300w, https:\/\/sdf.4b.pt\/wp-content\/uploads\/2026\/02\/12525-1024x683.jpg 1024w, https:\/\/sdf.4b.pt\/wp-content\/uploads\/2026\/02\/12525-768x512.jpg 768w\" sizes=\"auto, (max-width: 1500px) 100vw, 1500px\"><\/a><\/div>\n\t<\/div><\/figure>\n\n<\/div><div class=\"bde-columns-23-106 bde-columns\"><div class=\"bde-column-23-107 bde-column\">\n  \n  \n\t\n\n\n\n<h2 class=\"bde-heading-23-109 bde-heading\">\nInterven\u00e7\u00e3o Social\n<\/h2><div class=\"bde-text-23-110 bde-text\">\nO mundo muda, torna-se mais consciente, saud\u00e1vel e solid\u00e1rio. \u00c9 um facto. Segundo as tend\u00eancias de 2018, os consumidores cada vez valorizam mais as a\u00e7\u00f5es que favorecem o bem-estar da sociedade, a preserva\u00e7\u00e3o da natureza e o apoio a coletivos em crise.  O Restaurante Pizzaria o Sonho das Fontes renova o seu compromisso social baseando a sua actua\u00e7\u00e3o nos seguintes pontos:\n<\/div>\n<\/div><div class=\"bde-column-23-108 bde-column\">\n  \n  \n\t\n\n\n\n<div class=\"bde-image-23-111 bde-image\">\n<figure class=\"breakdance-image breakdance-image--152\">\n\t<div class=\"breakdance-image-container\">\n\t\t<div class=\"breakdance-image-clip\"><img loading=\"lazy\" decoding=\"async\" class=\"breakdance-image-object\" src=\"https:\/\/breakdancelibrary.com\/restaurant\/wp-content\/uploads\/sites\/19\/2022\/12\/enjoy-meal_about_citadel-restaurant.png\" width=\"1044\" height=\"1094\" srcset=\"https:\/\/breakdancelibrary.com\/restaurant\/wp-content\/uploads\/sites\/19\/2022\/12\/enjoy-meal_about_citadel-restaurant.png 1044w, https:\/\/breakdancelibrary.com\/restaurant\/wp-content\/uploads\/sites\/19\/2022\/12\/enjoy-meal_about_citadel-restaurant-286x300.png 286w, https:\/\/breakdancelibrary.com\/restaurant\/wp-content\/uploads\/sites\/19\/2022\/12\/enjoy-meal_about_citadel-restaurant-977x1024.png 977w, https:\/\/breakdancelibrary.com\/restaurant\/wp-content\/uploads\/sites\/19\/2022\/12\/enjoy-meal_about_citadel-restaurant-768x805.png 768w\" sizes=\"auto, (max-width: 1044px) 100vw, 1044px\"><\/div>\n\t<\/div><\/figure>\n\n<\/div>\n<\/div><\/div><\/div>\n<\/section><section class=\"bde-section-23-112 bde-section\">\n  \n  \n\t\n\n\n\n<div class=\"section-container\"><div class=\"bde-columns-23-114 bde-columns\"><div class=\"bde-column-23-115 bde-column\">\n  \n  \n\t\n\n\n\n<div class=\"bde-image-23-117 bde-image\">\n<figure class=\"breakdance-image breakdance-image--156\">\n\t<div class=\"breakdance-image-container\">\n\t\t<div class=\"breakdance-image-clip\"><img loading=\"lazy\" decoding=\"async\" class=\"breakdance-image-object\" src=\"https:\/\/breakdancelibrary.com\/restaurant\/wp-content\/uploads\/sites\/19\/2022\/12\/goal_about_citadel-restaurant.png\" width=\"990\" height=\"872\" srcset=\"https:\/\/breakdancelibrary.com\/restaurant\/wp-content\/uploads\/sites\/19\/2022\/12\/goal_about_citadel-restaurant.png 990w, https:\/\/breakdancelibrary.com\/restaurant\/wp-content\/uploads\/sites\/19\/2022\/12\/goal_about_citadel-restaurant-300x264.png 300w, https:\/\/breakdancelibrary.com\/restaurant\/wp-content\/uploads\/sites\/19\/2022\/12\/goal_about_citadel-restaurant-768x676.png 768w\" sizes=\"auto, (max-width: 990px) 100vw, 990px\"><\/div>\n\t<\/div><\/figure>\n\n<\/div>\n<\/div><div class=\"bde-column-23-116 bde-column\">\n  \n  \n\t\n\n\n\n<h2 class=\"bde-heading-23-118 bde-heading\">\nMISS\u00c3O\n<\/h2><div class=\"bde-text-23-119 bde-text\">\nSatisfazer continuamente a expectativa dos nossos clientes, nas v\u00e1rias faixas et\u00e1rias e com gostos espec\u00edficos, cumprindo com a regras da boa alimenta\u00e7\u00e3o\n<\/div><h2 class=\"bde-heading-23-148 bde-heading\">\nVIS\u00c3O\n<\/h2><div class=\"bde-text-23-149 bde-text\">\nInvestimos na seriedade no servi\u00e7o ao cliente, respeito pelo mesmo, constante inova\u00e7\u00e3o nos produtos e servi\u00e7os, e compromisso e investimento nos recursos humanos\n<\/div><h2 class=\"bde-heading-23-150 bde-heading\">\nCOMPET\u00caNCIAS\n<\/h2><div class=\"bde-text-23-151 bde-text\">\nQualidade, atendimento ao cliente e pontualidade na entrega do produto. Estes s\u00e3o os nossos valores primordiais di\u00e1rios e compromisso na nossa \u00e1rea de actua\u00e7\u00e3o\n<\/div>\n<\/div><\/div><\/div>\n<\/section>","protected":false},"excerpt":{"rendered":"<p>Como tudo come\u00e7ou.. O neg\u00f3cio e a ideia est\u00e3o quase a completar vinte anos de exist\u00eancia, mas h\u00e1 oito que a pizzaria O Sonho das Fontes ganhou uma nova vida: mais din\u00e2mica e ainda mais variada. Ao todo s\u00e3o cerca de d\u00fazia e meia as variedades daquela que \u00e9 realmente a rainha daquele restaurante situado [&hellip;]<\/p>\n","protected":false},"author":1,"featured_media":0,"parent":0,"menu_order":0,"comment_status":"closed","ping_status":"closed","template":"","meta":{"_acf_changed":false,"_breakdance_hide_in_design_set":false,"_breakdance_tags":"","footnotes":""},"class_list":["post-23","page","type-page","status-publish","hentry"],"acf":[],"_links":{"self":[{"href":"https:\/\/sdf.4b.pt\/index.php\/wp-json\/wp\/v2\/pages\/23","targetHints":{"allow":["GET"]}}],"collection":[{"href":"https:\/\/sdf.4b.pt\/index.php\/wp-json\/wp\/v2\/pages"}],"about":[{"href":"https:\/\/sdf.4b.pt\/index.php\/wp-json\/wp\/v2\/types\/page"}],"author":[{"embeddable":true,"href":"https:\/\/sdf.4b.pt\/index.php\/wp-json\/wp\/v2\/users\/1"}],"replies":[{"embeddable":true,"href":"https:\/\/sdf.4b.pt\/index.php\/wp-json\/wp\/v2\/comments?post=23"}],"version-history":[{"count":4,"href":"https:\/\/sdf.4b.pt\/index.php\/wp-json\/wp\/v2\/pages\/23\/revisions"}],"predecessor-version":[{"id":60,"href":"https:\/\/sdf.4b.pt\/index.php\/wp-json\/wp\/v2\/pages\/23\/revisions\/60"}],"wp:attachment":[{"href":"https:\/\/sdf.4b.pt\/index.php\/wp-json\/wp\/v2\/media?parent=23"}],"curies":[{"name":"wp","href":"https:\/\/api.w.org\/{rel}","templated":true}]}}