{"id":24,"date":"2026-02-08T15:44:29","date_gmt":"2026-02-08T15:44:29","guid":{"rendered":"https:\/\/sdf.4b.pt\/index.php\/home\/"},"modified":"2026-02-09T07:03:48","modified_gmt":"2026-02-09T07:03:48","slug":"home","status":"publish","type":"page","link":"https:\/\/sdf.4b.pt\/","title":{"rendered":"Home"},"content":{"rendered":"<section class=\"bde-section-24-100 bde-section radial-bg__top\">\n  \n  \n\t\n\n\n\n<div class=\"section-container\"><div class=\"bde-image-24-113 bde-image\">\n<figure class=\"breakdance-image breakdance-image--26\">\n\t<div class=\"breakdance-image-container\">\n\t\t<div class=\"breakdance-image-clip\"><img loading=\"lazy\" decoding=\"async\" class=\"breakdance-image-object\" src=\"https:\/\/sdf.4b.pt\/wp-content\/uploads\/2026\/02\/pepperoni-pizza-with-onion-rings.png\" width=\"2000\" height=\"1330\" srcset=\"https:\/\/sdf.4b.pt\/wp-content\/uploads\/2026\/02\/pepperoni-pizza-with-onion-rings.png 2000w, https:\/\/sdf.4b.pt\/wp-content\/uploads\/2026\/02\/pepperoni-pizza-with-onion-rings-300x200.png 300w, https:\/\/sdf.4b.pt\/wp-content\/uploads\/2026\/02\/pepperoni-pizza-with-onion-rings-1024x681.png 1024w, https:\/\/sdf.4b.pt\/wp-content\/uploads\/2026\/02\/pepperoni-pizza-with-onion-rings-768x511.png 768w, https:\/\/sdf.4b.pt\/wp-content\/uploads\/2026\/02\/pepperoni-pizza-with-onion-rings-1536x1021.png 1536w\" sizes=\"auto, (max-width: 2000px) 100vw, 2000px\"><\/div>\n\t<\/div><\/figure>\n\n<\/div><div class=\"bde-columns-24-102 bde-columns\"><div class=\"bde-column-24-103 bde-column\">\n  \n  \n\t\n\n\n\n<h1 class=\"bde-heading-24-105 bde-heading\">\nVAMOS A  PIZZA?\n<\/h1><div class=\"bde-text-24-106 bde-text\">\nA qualidade da nossa cozinha e frescura dos nossos ingredientes \u00e9 diariamente comprovada pelos nossos clientes\n<\/div><div class=\"bde-button-24-107 bde-button\">\n    \n                                    \n    \n    \n    \n    \n            \n            <button type=\"button\" class=\"button-atom button-atom--primary bde-button__button\"  >\n    \n        <span class=\"button-atom__text\">Conhe\u00e7a o menu<\/span>\n\n        \n        \n            <\/button>\n    \n\n\n<\/div>\n<\/div><div class=\"bde-column-24-104 bde-column\">\n  \n  \n\t\n\n\n\n<div class=\"bde-image-24-109 bde-image\">\n<figure class=\"breakdance-image breakdance-image--25\">\n\t<div class=\"breakdance-image-container\">\n\t\t<div class=\"breakdance-image-clip\"><img loading=\"lazy\" decoding=\"async\" class=\"breakdance-image-object\" src=\"https:\/\/sdf.4b.pt\/wp-content\/uploads\/2026\/02\/55392.jpg\" width=\"1333\" height=\"2000\" srcset=\"https:\/\/sdf.4b.pt\/wp-content\/uploads\/2026\/02\/55392.jpg 1333w, https:\/\/sdf.4b.pt\/wp-content\/uploads\/2026\/02\/55392-200x300.jpg 200w, https:\/\/sdf.4b.pt\/wp-content\/uploads\/2026\/02\/55392-682x1024.jpg 682w, https:\/\/sdf.4b.pt\/wp-content\/uploads\/2026\/02\/55392-768x1152.jpg 768w, https:\/\/sdf.4b.pt\/wp-content\/uploads\/2026\/02\/55392-1024x1536.jpg 1024w\" sizes=\"auto, (max-width: 1333px) 100vw, 1333px\"><\/div>\n\t<\/div><\/figure>\n\n<\/div><div class=\"bde-image-24-112 bde-image\">\n<figure class=\"breakdance-image breakdance-image--40\">\n\t<div class=\"breakdance-image-container\">\n\t\t<div class=\"breakdance-image-clip\"><img loading=\"lazy\" decoding=\"async\" class=\"breakdance-image-object\" src=\"https:\/\/breakdancelibrary.com\/restaurant\/wp-content\/uploads\/sites\/19\/2022\/12\/border-img-hero_home_citadel-restaurant.png\" width=\"974\" height=\"1278\" srcset=\"https:\/\/breakdancelibrary.com\/restaurant\/wp-content\/uploads\/sites\/19\/2022\/12\/border-img-hero_home_citadel-restaurant.png 974w, https:\/\/breakdancelibrary.com\/restaurant\/wp-content\/uploads\/sites\/19\/2022\/12\/border-img-hero_home_citadel-restaurant-229x300.png 229w, https:\/\/breakdancelibrary.com\/restaurant\/wp-content\/uploads\/sites\/19\/2022\/12\/border-img-hero_home_citadel-restaurant-780x1024.png 780w, https:\/\/breakdancelibrary.com\/restaurant\/wp-content\/uploads\/sites\/19\/2022\/12\/border-img-hero_home_citadel-restaurant-768x1008.png 768w\" sizes=\"auto, (max-width: 974px) 100vw, 974px\"><\/div>\n\t<\/div><\/figure>\n\n<\/div>\n<\/div><\/div><\/div>\n<\/section><section class=\"bde-section-24-110 bde-section\">\n              \n  \n  \n\t\n\n\n\n<div class=\"section-container\"><div class=\"bde-columns-24-114 bde-columns\"><div class=\"bde-column-24-115 bde-column\">\n  \n  \n\t\n\n\n\n<div class=\"bde-image-24-117 bde-image\">\n<figure class=\"breakdance-image breakdance-image--60\">\n\t<div class=\"breakdance-image-container\">\n\t\t<div class=\"breakdance-image-clip\"><img loading=\"lazy\" decoding=\"async\" class=\"breakdance-image-object\" src=\"https:\/\/breakdancelibrary.com\/restaurant\/wp-content\/uploads\/sites\/19\/2022\/12\/about-girl-food_home_citadel-restaurant.png\" width=\"996\" height=\"1418\" srcset=\"https:\/\/breakdancelibrary.com\/restaurant\/wp-content\/uploads\/sites\/19\/2022\/12\/about-girl-food_home_citadel-restaurant.png 996w, https:\/\/breakdancelibrary.com\/restaurant\/wp-content\/uploads\/sites\/19\/2022\/12\/about-girl-food_home_citadel-restaurant-211x300.png 211w, https:\/\/breakdancelibrary.com\/restaurant\/wp-content\/uploads\/sites\/19\/2022\/12\/about-girl-food_home_citadel-restaurant-719x1024.png 719w, https:\/\/breakdancelibrary.com\/restaurant\/wp-content\/uploads\/sites\/19\/2022\/12\/about-girl-food_home_citadel-restaurant-768x1093.png 768w\" sizes=\"auto, (max-width: 996px) 100vw, 996px\"><\/div>\n\t<\/div><\/figure>\n\n<\/div>\n<\/div><div class=\"bde-column-24-116 bde-column\">\n  \n  \n\t\n\n\n\n<div class=\"bde-image-24-123 bde-image\">\n<figure class=\"breakdance-image breakdance-image--42\">\n\t<div class=\"breakdance-image-container\">\n\t\t<div class=\"breakdance-image-clip\"><img loading=\"lazy\" decoding=\"async\" class=\"breakdance-image-object\" src=\"https:\/\/breakdancelibrary.com\/restaurant\/wp-content\/uploads\/sites\/19\/2022\/12\/stars-element_citadel-restaurant.png\" width=\"191\" height=\"223\" sizes=\"auto, (max-width: 191px) 100vw, 191px\"><\/div>\n\t<\/div><\/figure>\n\n<\/div><h2 class=\"bde-heading-24-118 bde-heading\">\nO Sonho das Fontes\n<\/h2><div class=\"bde-text-24-119 bde-text\">\nRenov\u00e1mos a nossa imagem! Mais din\u00e2mica, mais moderna, e com novos produtos. A qualidade da nossa cozinha e frescura dos nossos ingredientes \u00e9 diariamente comprovada pelos nossos clientes.\n<\/div><div class=\"bde-button-24-120 bde-button\">\n    \n                                    \n    \n    \n    \n    \n            \n            <button type=\"button\" class=\"button-atom button-atom--primary bde-button__button\"  >\n    \n        <span class=\"button-atom__text\">Saiba mais<\/span>\n\n        \n        \n            <\/button>\n    \n\n\n<\/div><div class=\"bde-image-24-122 bde-image\">\n<figure class=\"breakdance-image breakdance-image--59\">\n\t<div class=\"breakdance-image-container\">\n\t\t<div class=\"breakdance-image-clip\"><img loading=\"lazy\" decoding=\"async\" class=\"breakdance-image-object\" src=\"https:\/\/breakdancelibrary.com\/restaurant\/wp-content\/uploads\/sites\/19\/2022\/12\/dish-about_home_citadel-restaurant.png\" width=\"1044\" height=\"586\" srcset=\"https:\/\/breakdancelibrary.com\/restaurant\/wp-content\/uploads\/sites\/19\/2022\/12\/dish-about_home_citadel-restaurant.png 1044w, https:\/\/breakdancelibrary.com\/restaurant\/wp-content\/uploads\/sites\/19\/2022\/12\/dish-about_home_citadel-restaurant-300x168.png 300w, https:\/\/breakdancelibrary.com\/restaurant\/wp-content\/uploads\/sites\/19\/2022\/12\/dish-about_home_citadel-restaurant-1024x575.png 1024w, https:\/\/breakdancelibrary.com\/restaurant\/wp-content\/uploads\/sites\/19\/2022\/12\/dish-about_home_citadel-restaurant-768x431.png 768w\" sizes=\"auto, (max-width: 1044px) 100vw, 1044px\"><\/div>\n\t<\/div><\/figure>\n\n<\/div>\n<\/div><\/div><div class=\"bde-div-24-183 bde-div\">\n  \n  \n\t\n\n\n\n<h2 class=\"bde-heading-24-186 bde-heading\">\nO que lhe oferecemos\n<\/h2><div class=\"bde-text-24-187 bde-text\">\n\n<\/div>\n<\/div><div class=\"bde-div-24-127 bde-div\">\n  \n  \n\t\n\n\n\n<div class=\"bde-image-box-24-128 bde-image-box\">\n<div class=\"ee-imagebox-image\">\n  <img loading=\"lazy\" decoding=\"async\" class=\"breakdance-image-object\" src=\"https:\/\/breakdancelibrary.com\/restaurant\/wp-content\/uploads\/sites\/19\/2022\/12\/burrito-home_citadel-restaurant.png\" width=\"626\" height=\"430\" srcset=\"https:\/\/breakdancelibrary.com\/restaurant\/wp-content\/uploads\/sites\/19\/2022\/12\/burrito-home_citadel-restaurant.png 626w, https:\/\/breakdancelibrary.com\/restaurant\/wp-content\/uploads\/sites\/19\/2022\/12\/burrito-home_citadel-restaurant-300x206.png 300w\" sizes=\"auto, (max-width: 626px) 100vw, 626px\">\n<\/div>\n<div class=\"ee-imagebox-content\">\n      <h3 class=\"ee-imagebox-title bde-h3\" >PRATO DESTAQUE 1<\/h3>\n    \n      <div class=\"ee-imagebox-text\" >Lorem ipsum dolor sit amet, consectetur adipiscing elit, sed do eiusmod tempor incididunt ut labore et dolore magna aliqua. Ut enim ad.<\/div>\n    \n  <\/div>\n\n<\/div><div class=\"bde-image-box-24-129 bde-image-box\">\n<div class=\"ee-imagebox-image\">\n  <img loading=\"lazy\" decoding=\"async\" class=\"breakdance-image-object\" src=\"https:\/\/breakdancelibrary.com\/restaurant\/wp-content\/uploads\/sites\/19\/2022\/12\/house-smoked-wings_home_citadel-restaurant.png\" width=\"626\" height=\"430\" srcset=\"https:\/\/breakdancelibrary.com\/restaurant\/wp-content\/uploads\/sites\/19\/2022\/12\/house-smoked-wings_home_citadel-restaurant.png 626w, https:\/\/breakdancelibrary.com\/restaurant\/wp-content\/uploads\/sites\/19\/2022\/12\/house-smoked-wings_home_citadel-restaurant-300x206.png 300w\" sizes=\"auto, (max-width: 626px) 100vw, 626px\">\n<\/div>\n<div class=\"ee-imagebox-content\">\n      <h3 class=\"ee-imagebox-title bde-h3\" >PRATO DESTAQUE 2<\/h3>\n    \n      <div class=\"ee-imagebox-text\" >Lorem ipsum dolor sit amet, consectetur adipiscing elit, sed do eiusmod tempor incididunt ut labore et dolore magna aliqua. Ut enim ad.<\/div>\n    \n  <\/div>\n\n<\/div><div class=\"bde-image-box-24-130 bde-image-box\">\n<div class=\"ee-imagebox-image\">\n  <img loading=\"lazy\" decoding=\"async\" class=\"breakdance-image-object\" src=\"https:\/\/breakdancelibrary.com\/restaurant\/wp-content\/uploads\/sites\/19\/2022\/12\/grilled-salmon_home_citadel-restaurant.png\" width=\"626\" height=\"430\" srcset=\"https:\/\/breakdancelibrary.com\/restaurant\/wp-content\/uploads\/sites\/19\/2022\/12\/grilled-salmon_home_citadel-restaurant.png 626w, https:\/\/breakdancelibrary.com\/restaurant\/wp-content\/uploads\/sites\/19\/2022\/12\/grilled-salmon_home_citadel-restaurant-300x206.png 300w\" sizes=\"auto, (max-width: 626px) 100vw, 626px\">\n<\/div>\n<div class=\"ee-imagebox-content\">\n      <h3 class=\"ee-imagebox-title bde-h3\" >PRATO DESTAQUE 3<\/h3>\n    \n      <div class=\"ee-imagebox-text\" >Lorem ipsum dolor sit amet, consectetur adipiscing elit, sed do eiusmod tempor incididunt ut labore et dolore magna aliqua. Ut enim ad.<\/div>\n    \n  <\/div>\n\n<\/div>\n<\/div><\/div>\n<\/section><section class=\"bde-section-24-131 bde-section\">\n  \n  \n\t\n\n\n\n<div class=\"section-container\"><div class=\"bde-columns-24-132 bde-columns\"><div class=\"bde-column-24-133 bde-column\">\n              \n  \n  \n\t\n\n  <div class=\"section-background-overlay\"><\/div>\n\n\n<h2 class=\"bde-heading-24-138 bde-heading\">\nPRATOS\n<\/h2><a class=\"bde-text-link-24-139 bde-text-link breakdance-link\" href=\"#\" target=\"_self\">\n  VER MENUS\n\n<\/a>\n<\/div><div class=\"bde-column-24-134 bde-column\">\n  \n  \n\t\n\n\n\n<div class=\"bde-image-24-140 bde-image\">\n<figure class=\"breakdance-image breakdance-image--74\">\n\t<div class=\"breakdance-image-container\">\n\t\t<div class=\"breakdance-image-clip\"><img loading=\"lazy\" decoding=\"async\" class=\"breakdance-image-object\" src=\"https:\/\/breakdancelibrary.com\/restaurant\/wp-content\/uploads\/sites\/19\/2022\/12\/starters-menu_home_citadel-restaurant.png\" width=\"588\" height=\"560\" srcset=\"https:\/\/breakdancelibrary.com\/restaurant\/wp-content\/uploads\/sites\/19\/2022\/12\/starters-menu_home_citadel-restaurant.png 588w, https:\/\/breakdancelibrary.com\/restaurant\/wp-content\/uploads\/sites\/19\/2022\/12\/starters-menu_home_citadel-restaurant-300x286.png 300w\" sizes=\"auto, (max-width: 588px) 100vw, 588px\"><\/div>\n\t<\/div><\/figure>\n\n<\/div><div class=\"bde-div-24-141 bde-div\">\n  \n  \n\t\n\n\n\n<h2 class=\"bde-heading-24-142 bde-heading\">\nENTRADAS\n<\/h2><a class=\"bde-text-link-24-147 bde-text-link breakdance-link\" href=\"#\" target=\"_self\">\n  VER MENU\n\n<\/a>\n<\/div>\n<\/div><div class=\"bde-column-24-135 bde-column\">\n  \n  \n\t\n\n\n\n<div class=\"bde-div-24-143 bde-div\">\n  \n  \n\t\n\n\n\n<h2 class=\"bde-heading-24-144 bde-heading\">\nSOBREMESAS\n<\/h2><a class=\"bde-text-link-24-148 bde-text-link breakdance-link\" href=\"#\" target=\"_self\">\n  VER MENU\n\n<\/a>\n<\/div><div class=\"bde-image-24-145 bde-image\">\n<figure class=\"breakdance-image breakdance-image--73\">\n\t<div class=\"breakdance-image-container\">\n\t\t<div class=\"breakdance-image-clip\"><img loading=\"lazy\" decoding=\"async\" class=\"breakdance-image-object\" src=\"https:\/\/breakdancelibrary.com\/restaurant\/wp-content\/uploads\/sites\/19\/2022\/12\/dessert-menu_home_citadel-restaurant.png\" width=\"588\" height=\"560\" srcset=\"https:\/\/breakdancelibrary.com\/restaurant\/wp-content\/uploads\/sites\/19\/2022\/12\/dessert-menu_home_citadel-restaurant.png 588w, https:\/\/breakdancelibrary.com\/restaurant\/wp-content\/uploads\/sites\/19\/2022\/12\/dessert-menu_home_citadel-restaurant-300x286.png 300w\" sizes=\"auto, (max-width: 588px) 100vw, 588px\"><\/div>\n\t<\/div><\/figure>\n\n<\/div>\n<\/div><div class=\"bde-column-24-136 bde-column\">\n              \n  \n  \n\t\n\n  <div class=\"section-background-overlay\"><\/div>\n\n\n<h2 class=\"bde-heading-24-146 bde-heading\">\nBEBIDAS\n<\/h2><a class=\"bde-text-link-24-149 bde-text-link breakdance-link\" href=\"#\" target=\"_self\">\n  VER MENU\n\n<\/a>\n<\/div><\/div><\/div>\n<\/section><section class=\"bde-section-24-150 bde-section radial-bg__middle\">\n  \n  \n\t\n\n\n\n<div class=\"section-container\"><div class=\"bde-columns-24-159 bde-columns\"><div class=\"bde-column-24-165 bde-column\">\n  \n  \n\t\n\n\n\n<div class=\"bde-image-24-166 bde-image\">\n<figure class=\"breakdance-image breakdance-image--26\">\n\t<div class=\"breakdance-image-container\">\n\t\t<div class=\"breakdance-image-clip\"><img loading=\"lazy\" decoding=\"async\" class=\"breakdance-image-object\" src=\"https:\/\/sdf.4b.pt\/wp-content\/uploads\/2026\/02\/pepperoni-pizza-with-onion-rings.png\" width=\"2000\" height=\"1330\" srcset=\"https:\/\/sdf.4b.pt\/wp-content\/uploads\/2026\/02\/pepperoni-pizza-with-onion-rings.png 2000w, https:\/\/sdf.4b.pt\/wp-content\/uploads\/2026\/02\/pepperoni-pizza-with-onion-rings-300x200.png 300w, https:\/\/sdf.4b.pt\/wp-content\/uploads\/2026\/02\/pepperoni-pizza-with-onion-rings-1024x681.png 1024w, https:\/\/sdf.4b.pt\/wp-content\/uploads\/2026\/02\/pepperoni-pizza-with-onion-rings-768x511.png 768w, https:\/\/sdf.4b.pt\/wp-content\/uploads\/2026\/02\/pepperoni-pizza-with-onion-rings-1536x1021.png 1536w\" sizes=\"auto, (max-width: 2000px) 100vw, 2000px\"><\/div>\n\t<\/div><\/figure>\n\n<\/div>\n<\/div><div class=\"bde-column-24-160 bde-column\">\n  \n  \n\t\n\n\n\n<h2 class=\"bde-heading-24-161 bde-heading\">\nOnde estamos?\n<\/h2><div class=\"bde-text-24-163 bde-text\">\nAvenida das Laranjeiras<br>Edif\u00edcio das Fontes, Bloco 5 r\/c Dto.<br>Anadia\n<\/div><div class=\"bde-div-24-170 bde-div\">\n  \n  \n\t\n\n\n\n<div class=\"bde-div-24-171 bde-div\">\n  \n  \n\t\n\n\n\n<div class=\"bde-text-24-169 bde-text\">\nHorario\n<\/div><div class=\"bde-text-24-172 bde-text\">\nDe Segunda a Domingo, das 11h \u00e0s 22:45\n<\/div>\n<\/div><div class=\"bde-div-24-173 bde-div\">\n  \n  \n\t\n\n\n\n<div class=\"bde-text-24-174 bde-text\">\nContacto\n<\/div><div class=\"bde-text-24-175 bde-text\">\n+351 962 854 173<br>Chamada para a rede m\u00f3vel nacional.<br>\n<\/div>\n<\/div>\n<\/div><div class=\"bde-button-24-164 bde-button\">\n    \n                                    \n    \n    \n    \n    \n            \n            <button type=\"button\" class=\"button-atom button-atom--primary bde-button__button\"  >\n    \n        <span class=\"button-atom__text\">Ver no google<\/span>\n\n        \n        \n            <\/button>\n    \n\n\n<\/div>\n<\/div><\/div><div class=\"bde-div-24-176 bde-div\">\n  \n  \n\t\n\n\n\n<div class=\"bde-div-24-177 bde-div\">\n  \n  \n\t\n\n\n\n<h2 class=\"bde-heading-24-178 bde-heading\">\nO nosso blog\n<\/h2><div class=\"bde-text-24-179 bde-text\">\nEscrevemos sobre comida.\n<\/div>\n<\/div><div class=\"bde-button-24-180 bde-button\">\n    \n                                    \n    \n    \n    \n    \n            \n            <button type=\"button\" class=\"button-atom button-atom--primary bde-button__button\"  >\n    \n        <span class=\"button-atom__text\">Ver o blog<\/span>\n\n        \n        \n            <\/button>\n    \n\n\n<\/div>\n<\/div><div class=\"bde-post-list-24-182 bde-post-list\"><div class=\"bde-loop bde-loop-grid ee-posts ee-posts-grid\">    <article class=\"bde-loop-item ee-post\">\n                                <a class=\"bde-loop-item__image-link ee-post-image-link bde-loop-item__image-top ee-posts-image-top\" href=\"https:\/\/sdf.4b.pt\/index.php\/2026\/02\/05\/ola-mundo\/\" aria-label=\"Ol\u00e1, mundo!\">\n                <div class=\"bde-loop-item__image ee-post-image\">\n                     <img loading=\"lazy\" decoding=\"async\" src=\"data:image\/svg+xml;base64,PHN2ZyB4bWxucz0iaHR0cDovL3d3dy53My5vcmcvMjAwMC9zdmciIHdpZHRoPSI1NDAiIGhlaWdodD0iNTQwIiB2aWV3Qm94PSIwIDAgMTQwIDE0MCI+PHBhdGggZD0iTTAgMGgxNDB2MTQwSDB6IiBmaWxsPSIjZTVlN2ViIi8+PHBhdGggZD0iTTg4IDgyLjQ2SDUxLjh2LTQuNTJsNi43NC02Ljc0YTEuMTMgMS4xMyAwIDAxMS42IDBsNS4yMyA1LjIzIDEyLjc2LTEyLjc3YTEuMTMgMS4xMyAwIDAxMS42IDBMODggNzEuOTF6IiBmaWxsPSIjZTVlN2ViIi8+PHBhdGggZD0iTTg5LjQ4IDUyLjMySDUwLjI5YTQuNTIgNC41MiAwIDAwLTQuNTIgNC41MlY4NGE0LjUzIDQuNTMgMCAwMDQuNTIgNC41MmgzOS4xOUE0LjUyIDQuNTIgMCAwMDk0IDg0VjU2Ljg0YTQuNTIgNC41MiAwIDAwLTQuNTItNC41MnptLTMzLjE2IDUuMjdhNS4yOCA1LjI4IDAgMTEtNS4yNyA1LjI4IDUuMjcgNS4yNyAwIDAxNS4yNy01LjI4ek04OCA4Mi40Nkg1MS44di00LjUybDYuNzQtNi43NGExLjEzIDEuMTMgMCAwMTEuNiAwbDUuMjMgNS4yMyAxMi43Ni0xMi43N2ExLjEzIDEuMTMgMCAwMTEuNiAwTDg4IDcxLjkxeiIgZmlsbD0iI2QxZDVkYiIvPjwvc3ZnPg==\" width=\"540\" height=\"540\" alt=\"\">                <\/div>\n            <\/a>\n        \n        \n        <div class=\"bde-loop-item__wrap ee-post-wrap\">\n            \n                            <h3 class=\"ee-post-title\">\n                    <a class=\"bde-loop-item__title-link ee-post-title-link\" href=\"https:\/\/sdf.4b.pt\/index.php\/2026\/02\/05\/ola-mundo\/\" >\n                        Ol\u00e1, mundo!                    <\/a>\n                <\/h3>\n                            <div class=\"bde-loop-item__post-meta ee-post-meta\">\n                                                                                <span class=\"bde-loop-item__meta-date bde-loop-item__meta-item ee-post-meta-date ee-post-meta-item\">\n                                    5 de Fevereiro, 2026                                <\/span>\n                                                \n                <\/div>\n            \n            \n        <\/div>\n\n    <\/article>\n\n<\/div><\/div><\/div>\n<\/section>","protected":false},"excerpt":{"rendered":"","protected":false},"author":1,"featured_media":0,"parent":0,"menu_order":0,"comment_status":"closed","ping_status":"closed","template":"","meta":{"_acf_changed":false,"_breakdance_hide_in_design_set":false,"_breakdance_tags":"","footnotes":""},"class_list":["post-24","page","type-page","status-publish","hentry"],"acf":[],"_links":{"self":[{"href":"https:\/\/sdf.4b.pt\/index.php\/wp-json\/wp\/v2\/pages\/24","targetHints":{"allow":["GET"]}}],"collection":[{"href":"https:\/\/sdf.4b.pt\/index.php\/wp-json\/wp\/v2\/pages"}],"about":[{"href":"https:\/\/sdf.4b.pt\/index.php\/wp-json\/wp\/v2\/types\/page"}],"author":[{"embeddable":true,"href":"https:\/\/sdf.4b.pt\/index.php\/wp-json\/wp\/v2\/users\/1"}],"replies":[{"embeddable":true,"href":"https:\/\/sdf.4b.pt\/index.php\/wp-json\/wp\/v2\/comments?post=24"}],"version-history":[{"count":8,"href":"https:\/\/sdf.4b.pt\/index.php\/wp-json\/wp\/v2\/pages\/24\/revisions"}],"predecessor-version":[{"id":42,"href":"https:\/\/sdf.4b.pt\/index.php\/wp-json\/wp\/v2\/pages\/24\/revisions\/42"}],"wp:attachment":[{"href":"https:\/\/sdf.4b.pt\/index.php\/wp-json\/wp\/v2\/media?parent=24"}],"curies":[{"name":"wp","href":"https:\/\/api.w.org\/{rel}","templated":true}]}}